{"id":629,"date":"2013-10-31T20:00:41","date_gmt":"2013-10-31T19:00:41","guid":{"rendered":"https:\/\/www.50ansplacedesarts.uqam.ca\/?page_id=629"},"modified":"2013-11-01T19:06:09","modified_gmt":"2013-11-01T18:06:09","slug":"brigitte-poupart","status":"publish","type":"page","link":"https:\/\/www.50ansplacedesarts.uqam.ca\/?page_id=629","title":{"rendered":"Brigitte Poupart"},"content":{"rendered":"<p>C<i>om\u00e9dienne, metteure en sc\u00e8ne et r\u00e9alisatrice<\/i><\/p>\n<blockquote><p><a href=\"https:\/\/www.50ansplacedesarts.uqam.ca\/wp-content\/uploads\/BrigittePoupart_50ansPdA.jpg\"><img loading=\"lazy\" decoding=\"async\" class=\"size-full wp-image-633 alignnone\" style=\"border: 0px;\" alt=\"BrigittePoupart_50ansPdA\" src=\"https:\/\/www.50ansplacedesarts.uqam.ca\/wp-content\/uploads\/BrigittePoupart_50ansPdA.jpg\" width=\"200\" height=\"200\" srcset=\"https:\/\/www.50ansplacedesarts.uqam.ca\/wp-content\/uploads\/BrigittePoupart_50ansPdA.jpg 200w, https:\/\/www.50ansplacedesarts.uqam.ca\/wp-content\/uploads\/BrigittePoupart_50ansPdA-150x150.jpg 150w\" sizes=\"auto, (max-width: 200px) 100vw, 200px\" \/><\/a><\/p>\n<p>Depuis sa sortie du Conservatoire d&rsquo;art dramatique de Montr\u00e9al en 1990, Brigitte Poupart<b> <\/b>a jou\u00e9 dans plus d&rsquo;une trentaine de productions th\u00e9\u00e2trales autant sur les sc\u00e8nes institutionnelles que sur les sc\u00e8nes marginales de cr\u00e9ation. Elle a \u00e9t\u00e9 membre initiatrice de la formation musicale les Secr\u00e9taires Percutantes, elle est aussi cofondatrice et codirectrice de la compagnie Transth\u00e9\u00e2tre qui a produit ses propres cr\u00e9ations dont r\u00e9cemment <span style=\"text-decoration: underline;\"><i>What&rsquo;s Next <\/i><\/span>en 2010 (duo avec Dave St-Pierre) pr\u00e9sent\u00e9e au FTA ainsi que <i><span style=\"text-decoration: underline;\">La D\u00e9mesure<\/span> d&rsquo;une 32 A <\/i>pr\u00e9sent\u00e9e au th\u00e9\u00e2tre Espace Go en 2012. Elle a jou\u00e9 pendant cinq ans dans la com\u00e9die t\u00e9l\u00e9vis\u00e9e <span style=\"text-decoration: underline;\"><i>Catherine <\/i><\/span>diffus\u00e9e \u00e0 Radio-Canada, r\u00f4le qui lui vaut une nomination aux prix G\u00e9meaux. Au cin\u00e9ma, on a pu la voir dans le film <span style=\"text-decoration: underline;\"><i>M. Lazhar<\/i><\/span> de Philippe Falardeau, entre autres. Elle \u00e9tait co-conceptrice et co-directrice artistique de la <span style=\"text-decoration: underline;\"><i>Semaine de th\u00e9\u00e2tre politique <\/i><\/span>avec H\u00e9l\u00e8ne Pedneault qui s&rsquo;est tenue \u00e0 l&rsquo;Espace Go en 2005. Elle est aussi membre du collectif <span style=\"text-decoration: underline;\"><i>les Zapartistes <\/i><\/span>depuis 2005. Pendant cinq ann\u00e9es elle a assum\u00e9 la direction artistique du <i><span style=\"text-decoration: underline;\">Festival International de la chanson de Granby<\/span>. <\/i>Reconnue pour ses mises en sc\u00e8ne et conceptions de performances musicales d\u2019envergure, elle a notamment travaill\u00e9 avec Misteur Valaire, Beast, Alexandre D\u00e9silets, Betty Bonifassi, Samian, Lisa Leblanc, Yann Perreau, Fanny Bloom, Vincent Valli\u00e8res, Plaster, Louis-Jean Cormier. Elle a travaill\u00e9 comme conceptrice et metteur en sc\u00e8ne au Gala de l\u2019Adisq et au Gala des Jutra, tous deux diffus\u00e9s \u00e0 Radio-Canada. Le documentaire <i><span style=\"text-decoration: underline;\">Over My Dead Body<\/span>, <\/i>qu&rsquo;elle \u00e9crit, produit et r\u00e9alise avec la coop Vid\u00e9o de Montr\u00e9al<i>, <\/i>son tout premier long m\u00e9trage, a \u00e9t\u00e9 pr\u00e9sent\u00e9 en cl\u00f4ture des Rendez-vous du cin\u00e9ma qu\u00e9b\u00e9cois et lui a valu le prix \u00e0 la cr\u00e9ation du Conseil des arts et des lettres du Qu\u00e9bec.<\/p><\/blockquote>\n<p>&nbsp;<\/p>\n","protected":false},"excerpt":{"rendered":"<p>Com\u00e9dienne, metteure en sc\u00e8ne et r\u00e9alisatrice Depuis sa sortie du Conservatoire d&rsquo;art dramatique de Montr\u00e9al en 1990, Brigitte Poupart a jou\u00e9 dans plus d&rsquo;une trentaine de productions th\u00e9\u00e2trales autant sur les sc\u00e8nes institutionnelles que sur les sc\u00e8nes marginales de cr\u00e9ation. &hellip; <a href=\"https:\/\/www.50ansplacedesarts.uqam.ca\/?page_id=629\">Continuer la lecture <span class=\"meta-nav\">&rarr;<\/span><\/a><\/p>\n","protected":false},"author":101011,"featured_media":0,"parent":0,"menu_order":0,"comment_status":"closed","ping_status":"closed","template":"","meta":{"footnotes":""},"class_list":["post-629","page","type-page","status-publish","hentry"],"_links":{"self":[{"href":"https:\/\/www.50ansplacedesarts.uqam.ca\/index.php?rest_route=\/wp\/v2\/pages\/629","targetHints":{"allow":["GET"]}}],"collection":[{"href":"https:\/\/www.50ansplacedesarts.uqam.ca\/index.php?rest_route=\/wp\/v2\/pages"}],"about":[{"href":"https:\/\/www.50ansplacedesarts.uqam.ca\/index.php?rest_route=\/wp\/v2\/types\/page"}],"author":[{"embeddable":true,"href":"https:\/\/www.50ansplacedesarts.uqam.ca\/index.php?rest_route=\/wp\/v2\/users\/101011"}],"replies":[{"embeddable":true,"href":"https:\/\/www.50ansplacedesarts.uqam.ca\/index.php?rest_route=%2Fwp%2Fv2%2Fcomments&post=629"}],"version-history":[{"count":6,"href":"https:\/\/www.50ansplacedesarts.uqam.ca\/index.php?rest_route=\/wp\/v2\/pages\/629\/revisions"}],"predecessor-version":[{"id":639,"href":"https:\/\/www.50ansplacedesarts.uqam.ca\/index.php?rest_route=\/wp\/v2\/pages\/629\/revisions\/639"}],"wp:attachment":[{"href":"https:\/\/www.50ansplacedesarts.uqam.ca\/index.php?rest_route=%2Fwp%2Fv2%2Fmedia&parent=629"}],"curies":[{"name":"wp","href":"https:\/\/api.w.org\/{rel}","templated":true}]}}